{"id":842,"date":"2020-11-10T17:32:48","date_gmt":"2020-11-10T16:32:48","guid":{"rendered":"https:\/\/demo.preisingmedia.de\/?page_id=842"},"modified":"2023-04-26T21:04:30","modified_gmt":"2023-04-26T19:04:30","slug":"home-2-4","status":"publish","type":"page","link":"https:\/\/demo.preisingmedia.de\/?page_id=842","title":{"rendered":"Praxishome"},"content":{"rendered":"<\/div><\/div><\/div><!-- close content main div --><\/div><\/div><div id='full_slider_1' class='avia-fullwidth-slider main_color avia-shadow   container_wrap sidebar_right'   ><div  data-size='extra_large'  data-lightbox_size='large'  data-animation='slide'  data-ids='682'  data-video_counter='0'  data-autoplay='true'  data-bg_slider='false'  data-slide_height=''  data-handle='av_slideshow_full'  data-interval='5'  data-class=' '  data-css_id=''  data-scroll_down=''  data-control_layout='av-control-default'  data-custom_markup=''  data-perma_caption=''  data-autoplay_stopper=''  data-image_attachment=''  data-min_height='0px'  data-src=''  data-position='top left'  data-repeat='no-repeat'  data-attach='scroll'  data-stretch=''  data-default-height='100'  class='avia-slideshow avia-slideshow-1  av-control-default av-default-height-applied avia-slideshow-extra_large av_slideshow_full   avia-slide-slider '  itemprop=\"ImageObject\" itemscope=\"itemscope\" itemtype=\"https:\/\/schema.org\/ImageObject\" ><ul class='avia-slideshow-inner' style='padding-bottom: 100%;'><\/ul><\/div><\/div>\n<\/div><\/div><\/div><!-- close content main div --><\/div><\/div><div id='av_section_1' class='avia-section main_color avia-section-default avia-no-border-styling avia-full-stretch avia-bg-style-fixed   container_wrap sidebar_right' style = 'background-repeat: no-repeat; background-image: url(https:\/\/demo.preisingmedia.de\/wp-content\/uploads\/2018\/08\/back2-1-1500x844.jpg); background-attachment: fixed; background-position: center center; ' data-section-bg-repeat='stretch' ><div class='container' ><div class='template-page content  av-content-small alpha units'><div class='post-entry post-entry-type-page post-entry-842'><div class='entry-content-wrapper clearfix'>\n<div class=\"flex_column av_one_half  flex_column_div av-zero-column-padding first  \" style='border-radius:0px; '><section class=\"av_textblock_section \"  itemscope=\"itemscope\" itemtype=\"https:\/\/schema.org\/CreativeWork\" ><div class='avia_textblock  '   itemprop=\"text\" ><p><span style=\"color: #00ff00;\"><strong><span class=\"xr_tl xr_s7\">Gesundheit ist Vertrauenssache.<\/span><\/strong><\/span><\/p>\n<p><span style=\"color: #ffffff;\"><span class=\"xr_tl xr_s7\">Lernen Sie uns kennen!<\/span> <span class=\"xr_tl xr_s2\">Mit sensibler Diagnostik, umfassender Beratung und modernsten Therapieverfahren arbeiten wir als Team daran,<\/span> <span class=\"xr_tl xr_s2\">Ihre Gesundheit zu erhalten und Ihre Beschwerden zu lindern \u2013 und das seit Gr\u00fcndung der Praxis durch Frau<\/span> <span class=\"xr_tl xr_s2\">Dr. med. Andrea Hundt im Jahr 2000. <\/span><\/span><\/p>\n<\/div><\/section><\/div><div class=\"flex_column av_one_half  flex_column_div av-zero-column-padding   \" style='border-radius:0px; '><div class='avia-image-container  av-styling-    avia-align-center '  itemprop=\"ImageObject\" itemscope=\"itemscope\" itemtype=\"https:\/\/schema.org\/ImageObject\"  ><div class='avia-image-container-inner'><img class='avia_image ' src='https:\/\/demo.preisingmedia.de\/wp-content\/uploads\/2018\/08\/foto01-1.jpg' alt='' title=''   itemprop=\"thumbnailUrl\"  \/><\/div><\/div><\/div>\n<\/div><\/div><\/div><!-- close content main div --><\/div><\/div><div id='after_section_1' class='main_color av_default_container_wrap container_wrap sidebar_right'   ><div class='container' ><div class='template-page content  av-content-small alpha units'><div class='post-entry post-entry-type-page post-entry-842'><div class='entry-content-wrapper clearfix'>\n<\/div><\/div><\/div><!-- close content main div --><\/div><\/div><div id='av_section_2' class='avia-section main_color avia-section-default avia-no-border-styling avia-bg-style-scroll   container_wrap sidebar_right' style = 'background-color: #ffffff; '  ><div class='container' ><div class='template-page content  av-content-small alpha units'><div class='post-entry post-entry-type-page post-entry-842'><div class='entry-content-wrapper clearfix'>\n<div class=\"flex_column av_one_half  flex_column_div av-zero-column-padding first  \" style='border-radius:0px; '><section class=\"avia_codeblock_section  avia_code_block_0\"  itemscope=\"itemscope\" itemtype=\"https:\/\/schema.org\/CreativeWork\" ><div class='avia_codeblock '  itemprop=\"text\" > [avia_codeblock_placeholder uid=\"0\"] <\/div><\/section><\/div><div class=\"flex_column av_one_half  flex_column_div av-zero-column-padding   \" style='border-radius:0px; '><section class=\"av_textblock_section \"  itemscope=\"itemscope\" itemtype=\"https:\/\/schema.org\/CreativeWork\" ><div class='avia_textblock  '   itemprop=\"text\" ><p><span style=\"color: #00ff00;\"><strong>Aktuelles<\/strong><\/span><\/p>\n<p>Liebe Patientinnen und Patienten,<\/p>\n<p>unser Team und ich m\u00f6chten uns bei Ihnen bedanken, dass wir durch Ihre positiven Bewertungen auf jameda.de\u00a0erneut zu den Top-10-\u00c4rzten unserer Stadt\u00a0geh\u00f6ren und bereits zum zweiten Mal das Top 10 Siegel\u00a0verliehen bekommen haben.<\/p>\n<p>Um Ihnen weiterhin eine engagierte haus\u00e4rztliche Versorgung bieten zu k\u00f6nnen, bitten wie Sie, sich bei uns in einen Hausarztvertrag\u00a0einzuschreiben. Sie verpflichten sich damit, sich vor dem Besuch eines anderen Facharztes wegen einer \u00dcberweisung an uns zu wenden. Das halten wir f\u00fcr Sie angesichts eines optimierten Informationsflusses\u00a0f\u00fcr sehr sinnvoll! Hausarztvertr\u00e4ge helfen uns, unsere Gespr\u00e4chsleistungen besser honoriert zu bekommen. Mit Ihrer Unterschrift unterst\u00fctzen Sie uns in unserem Bestreben, f\u00fcr Sie eine gespr\u00e4chsorientierte Hausarztmedizin\u00a0zu erhalten.<\/p>\n<p>Ihre Haus\u00e4rzte Dr. med. Andrea Hundt und\u00a0 Dr. med. Christian B\u00e4ker<\/p>\n<\/div><\/section><\/div>\n<\/div><\/div><\/div><!-- close content main div --><\/div><\/div><div id='after_section_2' class='main_color av_default_container_wrap container_wrap sidebar_right'   ><div class='container' ><div class='template-page content  av-content-small alpha units'><div class='post-entry post-entry-type-page post-entry-842'><div class='entry-content-wrapper clearfix'>\n<\/div><\/div><\/div><!-- close content main div --><\/div><\/div><div id='av_section_3' class='avia-section main_color avia-section-default avia-no-border-styling avia-full-stretch avia-bg-style-fixed   container_wrap sidebar_right' style = 'background-repeat: no-repeat; background-image: url(https:\/\/demo.preisingmedia.de\/wp-content\/uploads\/2018\/08\/back2-1-1500x844.jpg); background-attachment: fixed; background-position: center center; ' data-section-bg-repeat='stretch' ><div class='container' ><div class='template-page content  av-content-small alpha units'><div class='post-entry post-entry-type-page post-entry-842'><div class='entry-content-wrapper clearfix'>\n<div class=\"flex_column av_one_half  flex_column_div av-zero-column-padding first  \" style='border-radius:0px; '><section class=\"av_textblock_section \"  itemscope=\"itemscope\" itemtype=\"https:\/\/schema.org\/CreativeWork\" ><div class='avia_textblock  av_inherit_color '  style='color:#000000; '  itemprop=\"text\" ><p><span class=\"xr_tl xr_s8\"><span style=\"color: #ffffff;\">Auf unserer Homepage finden Sie Informationen zu unseren<\/span> <span class=\"xr_s9\"><span style=\"color: #00ff00;\"><strong>Standards<\/strong><\/span> <span style=\"color: #ffffff;\">und<\/span> <strong><span style=\"color: #00ff00;\">Leitlinien<\/span><\/strong><\/span><span style=\"color: #ffffff;\">, \u00fcber unser<\/span> <span style=\"color: #00ff00;\"><strong><span class=\"xr_s9\">Praxisteam<\/span><\/strong><\/span><span style=\"color: #ffffff;\">\u00a0und einen<\/span><\/span><span class=\"xr_tl xr_s8\" style=\"color: #ffffff;\"> \u00dcberblick \u00fcber unser Angebot an <span class=\"xr_s9\">Gesundheitsleistungen<\/span>. <\/span><span class=\"xr_tl xr_s8\"><span style=\"color: #ffffff;\">Alle weiteren Fragen beantwortet unser<\/span> <span style=\"color: #00ff00;\"><strong>Team<\/strong><\/span> <span style=\"color: #ffffff;\">gerne telefonisch oder pers\u00f6nlich \u2013 schauen Sie einfach vorbei!<\/span><\/span><\/p>\n<\/div><\/section><\/div><div class=\"flex_column av_one_half  flex_column_div av-zero-column-padding   \" style='border-radius:0px; '><div class='avia-image-container  av-styling-    avia-align-center '  itemprop=\"ImageObject\" itemscope=\"itemscope\" itemtype=\"https:\/\/schema.org\/ImageObject\"  ><div class='avia-image-container-inner'><img class='avia_image ' src='https:\/\/demo.preisingmedia.de\/wp-content\/uploads\/2018\/08\/foto02-1030x518.jpg' alt='' title=''   itemprop=\"thumbnailUrl\"  \/><\/div><\/div><\/div>\n<\/div><\/div><\/div><!-- close content main div --><\/div><\/div><div id='after_section_3' class='main_color av_default_container_wrap container_wrap sidebar_right'   ><div class='container' ><div class='template-page content  av-content-small alpha units'><div class='post-entry post-entry-type-page post-entry-842'><div class='entry-content-wrapper clearfix'>\n<\/div><\/div><\/div><!-- close content main div --><\/div><\/div><div id='av_section_4' class='avia-section main_color avia-section-default avia-no-border-styling avia-bg-style-scroll   av-minimum-height av-minimum-height-custom container_wrap sidebar_right' style = 'background-color: #00d80a; '  ><div class='container' style='height:5px'><div class='template-page content  av-content-small alpha units'><div class='post-entry post-entry-type-page post-entry-842'><div class='entry-content-wrapper clearfix'>\n<div class=\"flex_column av_two_fifth  flex_column_div av-zero-column-padding first  \" style='border-radius:0px; '><section class=\"av_textblock_section \"  itemscope=\"itemscope\" itemtype=\"https:\/\/schema.org\/CreativeWork\" ><div class='avia_textblock  av_inherit_color '  style='color:#ffffff; '  itemprop=\"text\" ><p><strong>Kontakt<\/strong><\/p>\n<p>Haus\u00e4rztliche Arztpraxis<\/p>\n<p>Dr. med. Andrea Hundt &amp; Dr. med. Peter B\u00e4cker<\/p>\n<p>Tel.: (0234) 6 54 33 und Tel. (0234) 33 54 48<\/p>\n<p>Fax.: (0234) 6 40 53 10<\/p>\n<p><span class=\"xr_tl xr_s8\">info@arztpraxis-hundt.de\u00a0<\/span><\/p>\n<p><strong>Terminvereinbarungen erw\u00fcnscht!<\/strong><\/p>\n<p>Bongardstr. 29, Innenstadt, 44787 Bochum &#8211; oberhalb der Apotheke \u201cAlte-Apotheke 1691\u201d.<\/p>\n<\/div><\/section><\/div><div class=\"flex_column av_two_fifth  flex_column_div av-zero-column-padding   \" style='border-radius:0px; '><section class=\"av_textblock_section \"  itemscope=\"itemscope\" itemtype=\"https:\/\/schema.org\/CreativeWork\" ><div class='avia_textblock  av_inherit_color '  style='color:#ffffff; '  itemprop=\"text\" ><p><span style=\"color: #ffffff;\"><strong>Unsere Sprechstunden<br \/>\n<\/strong><\/span><\/p>\n<p><span style=\"color: #ffffff;\">Montag 08.00 &#8211; 16.00 Uhr<\/span><\/p>\n<p><span style=\"color: #ffffff;\">Dienstag 08.00 &#8211; 17.00 Uhr<\/span><\/p>\n<p><span style=\"color: #ffffff;\">Mittwoch 08.00 &#8211; 12.00 Uhr<\/span><\/p>\n<p><span style=\"color: #ffffff;\">Donnerstag 08.00 &#8211; 16.00 Uhr<\/span><\/p>\n<p><span style=\"color: #ffffff;\">Freitag 08.00 &#8211; 13.00 Uhr<\/span><\/p>\n<p><span style=\"color: #ffffff;\">keine Sprechstunden zwischen 12 und 13 Uhr<\/span><\/p>\n<p><span style=\"color: #ffffff;\">Termin nach Vereinbarung<\/span><\/p>\n<\/div><\/section><\/div><div class=\"flex_column av_four_fifth  flex_column_div av-zero-column-padding first  \" style='border-radius:0px; '><section class=\"av_textblock_section \"  itemscope=\"itemscope\" itemtype=\"https:\/\/schema.org\/CreativeWork\" ><div class='avia_textblock  av_inherit_color '  style='color:#ffffff; '  itemprop=\"text\" ><p><a href=\"https:\/\/demo.preisingmedia.de\/?page_id=583\">Impressum<\/a><\/p>\n<\/div><\/section><\/div><\/div><\/div><\/div><!-- close content main div --><\/div><\/div><div id='after_section_4' class='main_color av_default_container_wrap container_wrap sidebar_right'   ><div class='container' ><div class='template-page content  av-content-small alpha units'><div class='post-entry post-entry-type-page post-entry-842'><div class='entry-content-wrapper clearfix'>\n","protected":false},"excerpt":{"rendered":"","protected":false},"author":1,"featured_media":0,"parent":0,"menu_order":0,"comment_status":"closed","ping_status":"closed","template":"","meta":[],"_links":{"self":[{"href":"https:\/\/demo.preisingmedia.de\/index.php?rest_route=\/wp\/v2\/pages\/842"}],"collection":[{"href":"https:\/\/demo.preisingmedia.de\/index.php?rest_route=\/wp\/v2\/pages"}],"about":[{"href":"https:\/\/demo.preisingmedia.de\/index.php?rest_route=\/wp\/v2\/types\/page"}],"author":[{"embeddable":true,"href":"https:\/\/demo.preisingmedia.de\/index.php?rest_route=\/wp\/v2\/users\/1"}],"replies":[{"embeddable":true,"href":"https:\/\/demo.preisingmedia.de\/index.php?rest_route=%2Fwp%2Fv2%2Fcomments&post=842"}],"version-history":[{"count":4,"href":"https:\/\/demo.preisingmedia.de\/index.php?rest_route=\/wp\/v2\/pages\/842\/revisions"}],"predecessor-version":[{"id":1053,"href":"https:\/\/demo.preisingmedia.de\/index.php?rest_route=\/wp\/v2\/pages\/842\/revisions\/1053"}],"wp:attachment":[{"href":"https:\/\/demo.preisingmedia.de\/index.php?rest_route=%2Fwp%2Fv2%2Fmedia&parent=842"}],"curies":[{"name":"wp","href":"https:\/\/api.w.org\/{rel}","templated":true}]}}