{"id":583,"date":"2018-08-16T12:54:44","date_gmt":"2018-08-16T10:54:44","guid":{"rendered":"https:\/\/demo.preisingmedia.de\/?page_id=583"},"modified":"2023-04-26T21:02:47","modified_gmt":"2023-04-26T19:02:47","slug":"home-2-3-3-2-2","status":"publish","type":"page","link":"https:\/\/demo.preisingmedia.de\/?page_id=583","title":{"rendered":"Impressum"},"content":{"rendered":"<\/div><\/div><\/div><!-- close content main div --><\/div><\/div><div id='full_slider_1' class='avia-fullwidth-slider main_color avia-shadow   container_wrap sidebar_right'   ><div  data-size='featured_large'  data-lightbox_size='large'  data-animation='slide'  data-ids='524'  data-video_counter='0'  data-autoplay='true'  data-bg_slider='false'  data-slide_height=''  data-handle='av_slideshow_full'  data-interval='5'  data-class=' '  data-css_id=''  data-scroll_down=''  data-control_layout='av-control-default'  data-custom_markup=''  data-perma_caption=''  data-autoplay_stopper=''  data-image_attachment=''  data-min_height='0px'  data-src=''  data-position='top left'  data-repeat='no-repeat'  data-attach='scroll'  data-stretch=''  data-default-height='42'  class='avia-slideshow avia-slideshow-1  av-control-default av-default-height-applied avia-slideshow-featured_large av_slideshow_full   avia-slide-slider '  itemprop=\"ImageObject\" itemscope=\"itemscope\" itemtype=\"https:\/\/schema.org\/ImageObject\" ><ul class='avia-slideshow-inner' style='padding-bottom: 42%;'><\/ul><\/div><\/div>\n<\/div><\/div><\/div><!-- close content main div --><\/div><\/div><div id='av_section_1' class='avia-section main_color avia-section-default avia-no-border-styling avia-bg-style-scroll   av-minimum-height av-minimum-height-custom container_wrap sidebar_right' style = 'background-color: #00d80a; '  ><div class='container' style='height:5px'><div class='template-page content  av-content-small alpha units'><div class='post-entry post-entry-type-page post-entry-583'><div class='entry-content-wrapper clearfix'>\n<div class=\"flex_column av_one_full  flex_column_div av-zero-column-padding first  \" style='border-radius:0px; '><section class=\"av_textblock_section \"  itemscope=\"itemscope\" itemtype=\"https:\/\/schema.org\/CreativeWork\" ><div class='avia_textblock  '   itemprop=\"text\" ><p><span style=\"color: #ffffff;\"><strong><span class=\"xr_tl Normaler_Text\">Impressum<\/span><\/strong><\/span><\/p>\n<p><span style=\"color: #ffffff;\"><span class=\"xr_tl Normaler_Text\">Betreiber der Internetseite:<\/span> <span class=\"xr_tl xr_s13\"><span class=\"xr_s14\">Dr. med. Andrea Hundt <\/span>Fach\u00e4rztin f\u00fcr Innere Medizin<\/span> <span class=\"xr_tl Normaler_Text\">Angaben im Rahmen des Teledienstgesetzes:<\/span> <span class=\"xr_tl Normaler_Text\">Die Berufsbezeichnung lautet Arzt f\u00fcr Innere Medizin und wurde in Nordrhein-Westfalen\/Deutschland<\/span> <span class=\"xr_tl Normaler_Text\">erlangt. Zust\u00e4ndig ist die \u00c4rztekammer Westfalen-Lippe, Gartenstrasse, M\u00fcnster.<\/span> <span class=\"xr_tl Normaler_Text\">1. Haftungsbeschr\u00e4nkung<\/span> <span class=\"xr_tl Normaler_Text\">Die Inhalte dieser Website werden mit gr\u00f6\u00dftm\u00f6glicher Sorgfalt erstellt. Der Anbieter \u00fcbernimmt jedoch keine Gew\u00e4hr f\u00fcr die<\/span> <span class=\"xr_tl Normaler_Text\">Richtigkeit, Vollst\u00e4ndigkeit und Aktualit\u00e4t der bereitgestellten Inhalte. Die Nutzung der Inhalte der Website erfolgt auf eigene<\/span> <span class=\"xr_tl Normaler_Text\">Gefahr des Nutzers. Namentlich gekennzeichnete Beitr\u00e4ge geben die Meinung des jeweiligen Autors und nicht immer die Meinung <\/span> <span class=\"xr_tl Normaler_Text\">des Anbieters wieder. Mit der reinen Nutzung der Website des Anbieters kommt keinerlei Vertragsverh\u00e4ltnis zwischen dem Nutzer <\/span> <span class=\"xr_tl Normaler_Text\">und dem Anbieter zustande.<\/span> <span class=\"xr_tl Normaler_Text\">2. Externe Links<\/span> <span class=\"xr_tl Normaler_Text\">Diese Website enth\u00e4lt Verkn\u00fcpfungen zu Websites Dritter (&#8222;externe Links&#8220;). Diese Websites unterliegen der Haftung der jeweiligen <\/span> <span class=\"xr_tl Normaler_Text\">Betreiber. Der Anbieter hat bei der erstmaligen Verkn\u00fcpfung der externen Links die fremden Inhalte daraufhin \u00fcberpr\u00fcft, ob etwaige <\/span> <span class=\"xr_tl Normaler_Text\">Rechtsverst\u00f6\u00dfe bestehen. Zu dem Zeitpunkt waren keine Rechtsverst\u00f6\u00dfe ersichtlich. Der Anbieter hat keinerlei Einfluss auf die <\/span> <span class=\"xr_tl Normaler_Text\">aktuelle und zuk\u00fcnftige Gestaltung und auf die Inhalte der verkn\u00fcpften Seiten. Das Setzen von externen Links bedeutet nicht, dass <\/span> <span class=\"xr_tl Normaler_Text\">sich der Anbieter die hinter dem Verweis oder Link liegenden Inhalte zu Eigen macht. Eine st\u00e4ndige Kontrolle der externen Links ist <\/span> <span class=\"xr_tl Normaler_Text\">f\u00fcr den Anbieter ohne konkrete Hinweise auf Rechtsverst\u00f6\u00dfe nicht zumutbar. Bei Kenntnis von Rechtsverst\u00f6\u00dfen werden jedoch <\/span> <span class=\"xr_tl Normaler_Text\">derartige externe Links unverz\u00fcglich gel\u00f6scht.<\/span> <span class=\"xr_tl Normaler_Text\">3. Urheber- und Leistungsschutzrechte<\/span> <span class=\"xr_tl Normaler_Text\">Die auf dieser Website ver\u00f6ffentlichten Inhalte unterliegen dem deutschen Urheber- und Leistungsschutzrecht. Jede vom deutschen <\/span> <span class=\"xr_tl Normaler_Text\">Urheber- und Leistungsschutzrecht nicht zugelassene Verwertung bedarf der vorherigen schriftlichen Zustimmung des Anbieters <\/span> <span class=\"xr_tl Normaler_Text\">oder jeweiligen Rechteinhabers. Dies gilt insbesondere f\u00fcr Vervielf\u00e4ltigung, Bearbeitung, \u00dcbersetzung, Einspeicherung, Verarbeitung <\/span> <span class=\"xr_tl Normaler_Text\">bzw. Wiedergabe von Inhalten in Datenbanken oder anderen elektronischen Medien und Systemen. Inhalte und Rechte Dritter sind <\/span> <span class=\"xr_tl Normaler_Text\">dabei als solche gekennzeichnet. Die unerlaubte Vervielf\u00e4ltigung oder Weitergabe einzelner Inhalte oder kompletter Seiten ist nicht <\/span> <span class=\"xr_tl Normaler_Text\">gestattet und strafbar. Lediglich die Herstellung von Kopien und Downloads f\u00fcr den pers\u00f6nlichen, privaten und nicht kommerziellen <\/span> <span class=\"xr_tl Normaler_Text\">Gebrauch ist erlaubt.<\/span> <span class=\"xr_tl Normaler_Text\">Die Darstellung dieser Website in fremden Frames ist nur mit schriftlicher Erlaubnis zul\u00e4ssig.<\/span> <span class=\"xr_tl Normaler_Text\">4. Datenschutz<\/span> <span class=\"xr_tl Normaler_Text\">Durch den Besuch der Website des Anbieters k\u00f6nnen Informationen \u00fcber den Zugriff (Datum, Uhrzeit, betrachtete Seite) gespeichert <\/span> <span class=\"xr_tl Normaler_Text\">werden. Diese Daten geh\u00f6ren nicht zu den personenbezogenen Daten, sondern sind anonymisiert. Sie werden ausschlie\u00dflich zu <\/span> <span class=\"xr_tl Normaler_Text\">statistischen Zwecken ausgewertet. Eine Weitergabe an Dritte, zu kommerziellen oder nichtkommerziellen Zwecken, findet nicht statt.<\/span> <span class=\"xr_tl Normaler_Text\">Der Anbieter weist ausdr\u00fccklich darauf hin, dass die Daten\u00fcbertragung im Internet (z.B. bei der Kommunikation per E-Mail) <\/span> <span class=\"xr_tl Normaler_Text\">Sicherheitsl\u00fccken aufweisen und nicht l\u00fcckenlos vor dem Zugriff durch Dritte gesch\u00fctzt werden kann.<\/span> <span class=\"xr_tl Normaler_Text\">Die Verwendung der Kontaktdaten des Impressums zur gewerblichen Werbung ist ausdr\u00fccklich nicht erw\u00fcnscht, es sei denn der <\/span> <span class=\"xr_tl Normaler_Text\">Anbieter hatte zuvor seine schriftliche Einwilligung erteilt oder es besteht bereits eine Gesch\u00e4ftsbeziehung. Der Anbieter und alle auf <\/span> <span class=\"xr_tl Normaler_Text\">dieser Website genannten Personen widersprechen hiermit jeder kommerziellen Verwendung und Weitergabe ihrer Daten.<\/span> <span class=\"xr_tl Normaler_Text\">5. Besondere Nutzungsbedingungen<\/span> <span class=\"xr_tl Normaler_Text\">Soweit besondere Bedingungen f\u00fcr einzelne Nutzungen dieser Website von den vorgenannten Nummern 1. bis 4. abweichen, wird <\/span> <span class=\"xr_tl Normaler_Text\">an entsprechender Stelle ausdr\u00fccklich darauf hingewiesen. In diesem Falle gelten im jeweiligen Einzelfall die besonderen Nutzungs-<\/span> <span class=\"xr_tl Normaler_Text\">bedingungen.<\/span> <span class=\"xr_tl Normaler_Text\">Quelle: Disclaimer von <a style=\"color: #ffffff;\" href=\"http:\/\/www.arztpraxis-hundt.de\/www.juraforum.de\"><span class=\"Normaler_Text\">Juraforum.de<\/span><\/a>\u00a0&#8211; Rechtportal und <a style=\"color: #ffffff;\" href=\"http:\/\/www.arztpraxis-hundt.de\/www.uebersetzer.eu\"><span class=\"Normaler_Text\">uebersetzer.eu<\/span><\/a><\/span> <span class=\"xr_tl Normaler_Text\">Eine permanente Kontrolle des Inhaltes der verlinkten Seiten ist f\u00fcr <span class=\"Normaler_Text\">Dr. med. Andrea Hundt <\/span>ohne konkrete Anhaltspunkte einer<\/span> <span class=\"xr_tl Normaler_Text\">Rechtsverletzung nicht zumutbar. Bei Bekanntwerden von Rechtsverletzungen wird <span class=\"Normaler_Text\">Dr. med. Andrea Hundt <\/span>derartige Links<\/span> <span class=\"xr_tl Normaler_Text\">umgehend entfernen<\/span><\/span><\/p>\n<\/div><\/section><\/div>\n<\/div><\/div><\/div><!-- close content main div --><\/div><\/div><div id='after_section_1' class='main_color av_default_container_wrap container_wrap sidebar_right'   ><div class='container' ><div class='template-page content  av-content-small alpha units'><div class='post-entry post-entry-type-page post-entry-583'><div class='entry-content-wrapper clearfix'>\n<div class=\"flex_column av_two_fifth  flex_column_div av-zero-column-padding first  \" style='border-radius:0px; '><section class=\"av_textblock_section \"  itemscope=\"itemscope\" itemtype=\"https:\/\/schema.org\/CreativeWork\" ><div class='avia_textblock  av_inherit_color '  style='color:#ffffff; '  itemprop=\"text\" ><p><strong>Kontakt<\/strong><\/p>\n<p>Haus\u00e4rztliche Arztpraxis<\/p>\n<p>Dr. med. Andrea Hundt &amp; Dr. med. Peter B\u00e4cker<\/p>\n<p>Tel.: (0234) 6 54 33 und Tel. (0234) 33 54 48<\/p>\n<p>Fax.: (0234) 6 40 53 10<\/p>\n<p><span class=\"xr_tl xr_s8\">info@arztpraxis-hundt.de\u00a0<\/span><\/p>\n<p><strong>Terminvereinbarungen erw\u00fcnscht!<\/strong><\/p>\n<p>Bongardstr. 29, Innenstadt, 44787 Bochum &#8211; oberhalb der Apotheke \u201cAlte-Apotheke 1691\u201d.<\/p>\n<\/div><\/section><\/div>\n<div class=\"flex_column av_two_fifth  flex_column_div av-zero-column-padding   \" style='border-radius:0px; '><section class=\"av_textblock_section \"  itemscope=\"itemscope\" itemtype=\"https:\/\/schema.org\/CreativeWork\" ><div class='avia_textblock  av_inherit_color '  style='color:#ffffff; '  itemprop=\"text\" ><p><span style=\"color: #ffffff;\"><strong>Unsere Sprechstunden<br \/>\n<\/strong><\/span><\/p>\n<p><span style=\"color: #ffffff;\">Montag 08.00 &#8211; 16.00 Uhr<\/span><\/p>\n<p><span style=\"color: #ffffff;\">Dienstag 08.00 &#8211; 17.00 Uhr<\/span><\/p>\n<p><span style=\"color: #ffffff;\">Mittwoch 08.00 &#8211; 12.00 Uhr<\/span><\/p>\n<p><span style=\"color: #ffffff;\">Donnerstag 08.00 &#8211; 16.00 Uhr<\/span><\/p>\n<p><span style=\"color: #ffffff;\">Freitag 08.00 &#8211; 13.00 Uhr<\/span><\/p>\n<p><span style=\"color: #ffffff;\">keine Sprechstunden zwischen 12 und 13 Uhr<\/span><\/p>\n<p><span style=\"color: #ffffff;\">Termin nach Vereinbarung<\/span><\/p>\n<\/div><\/section><\/div>\n<div class=\"flex_column av_four_fifth  flex_column_div av-zero-column-padding first  \" style='border-radius:0px; '><section class=\"av_textblock_section \"  itemscope=\"itemscope\" itemtype=\"https:\/\/schema.org\/CreativeWork\" ><div class='avia_textblock  av_inherit_color '  style='color:#ffffff; '  itemprop=\"text\" ><p><a href=\"https:\/\/demo.preisingmedia.de\/?page_id=583\">Impressum<\/a><\/p>\n<\/div><\/section><\/div>\n","protected":false},"excerpt":{"rendered":"","protected":false},"author":1,"featured_media":0,"parent":0,"menu_order":0,"comment_status":"closed","ping_status":"closed","template":"","meta":[],"_links":{"self":[{"href":"https:\/\/demo.preisingmedia.de\/index.php?rest_route=\/wp\/v2\/pages\/583"}],"collection":[{"href":"https:\/\/demo.preisingmedia.de\/index.php?rest_route=\/wp\/v2\/pages"}],"about":[{"href":"https:\/\/demo.preisingmedia.de\/index.php?rest_route=\/wp\/v2\/types\/page"}],"author":[{"embeddable":true,"href":"https:\/\/demo.preisingmedia.de\/index.php?rest_route=\/wp\/v2\/users\/1"}],"replies":[{"embeddable":true,"href":"https:\/\/demo.preisingmedia.de\/index.php?rest_route=%2Fwp%2Fv2%2Fcomments&post=583"}],"version-history":[{"count":10,"href":"https:\/\/demo.preisingmedia.de\/index.php?rest_route=\/wp\/v2\/pages\/583\/revisions"}],"predecessor-version":[{"id":1049,"href":"https:\/\/demo.preisingmedia.de\/index.php?rest_route=\/wp\/v2\/pages\/583\/revisions\/1049"}],"wp:attachment":[{"href":"https:\/\/demo.preisingmedia.de\/index.php?rest_route=%2Fwp%2Fv2%2Fmedia&parent=583"}],"curies":[{"name":"wp","href":"https:\/\/api.w.org\/{rel}","templated":true}]}}